{"id":2506,"date":"2018-12-28T11:11:10","date_gmt":"2018-12-28T10:11:10","guid":{"rendered":"https:\/\/www.transword.net\/avviso-legale\/"},"modified":"2022-07-22T08:46:29","modified_gmt":"2022-07-22T06:46:29","slug":"avviso-legale-2","status":"publish","type":"page","link":"https:\/\/www.transword.net\/it\/avviso-legale-2\/","title":{"rendered":"Avviso legale"},"content":{"rendered":"<p><div class=\"fusion-fullwidth fullwidth-box fusion-builder-row-1 nonhundred-percent-fullwidth non-hundred-percent-height-scrolling fusion-equal-height-columns secciontraduccion\" style=\"--awb-background-position:left top;--awb-border-radius-top-left:0px;--awb-border-radius-top-right:0px;--awb-border-radius-bottom-right:0px;--awb-border-radius-bottom-left:0px;--awb-padding-top:60px;--awb-padding-bottom:75px;--awb-margin-top:0px;--awb-margin-bottom:0px;--awb-background-color:#afd6ef;--awb-border-sizes-top:0px;--awb-border-sizes-bottom:0px;--awb-flex-wrap:wrap;\" ><div class=\"fusion-builder-row fusion-row\"><div class=\"fusion-layout-column fusion_builder_column fusion-builder-column-0 fusion_builder_column_1_1 1_1 fusion-one-full fusion-column-first fusion-column-last fusion-column-no-min-height\" style=\"--awb-padding-top:0px;--awb-bg-size:cover;--awb-margin-bottom:0px;\"><div class=\"fusion-column-wrapper fusion-flex-column-wrapper-legacy\"><div class=\"fusion-text fusion-text-1\"><h1 style=\"text-align: center;\">Avviso legale<\/h1>\n<\/div><div class=\"fusion-sep-clear\"><\/div><div class=\"fusion-separator\" style=\"margin-left: auto;margin-right: auto;margin-top:15px;margin-bottom:70px;width:100%;max-width:90px;\"><div class=\"fusion-separator-border sep-single sep-solid\" style=\"--awb-height:20px;--awb-amount:20px;--awb-sep-color:#ffffff;border-color:#ffffff;border-top-width:2px;\"><\/div><\/div><div class=\"fusion-sep-clear\"><\/div><div class=\"fusion-text fusion-text-2\"><h3>LEGGE SPAGNOLA SUI SERVIZI DELLA SOCIET\u00c0 DELL\u2019INFORMAZIONE (LSSI)<\/h3>\n<p>A&amp;S TRANSWORD INTERNATIONAL SERVICES S.L., responsabile del sito web, di seguito RESPONSABILE, mette a disposizione degli utenti questo documento in ottemperanza agli obblighi indicati nella Legge spagnola 34\/2002 dell\u201911 luglio 2002 sui Servizi della Societ\u00e0 dell\u2019Informazione e Commercio Elettronico (LSSICE), nonch\u00e9 per informare tutti gli utenti del sito web riguardo alle condizioni di utilizzo.<\/p>\n<p>Chiunque acceda a questo sito web assume il ruolo di utente, impegnandosi all\u2019osservanza e al rigoroso rispetto delle disposizioni qui riportate, cos\u00ec come di qualsiasi altra disposizione legale eventualmente applicabile.<\/p>\n<p>A&amp;S TRANSWORD INTERNATIONAL SERVICES S.L. si riserva il diritto di modificare qualunque tipo di informazione che potrebbe comparire sul sito web, senza alcun obbligo di preavviso, o di informare gli utenti di tali modifiche, considerando sufficiente la pubblicazione di tali modifiche sul sito web di A&amp;S TRANSWORD INTERNATIONAL SERVICES S.L.<\/p>\n<h3>1. DATI DI IDENTIFICAZIONE<\/h3>\n<p>Nome dominio: https:\/\/www.transword.net<br \/>\nNome commerciale: A&amp;S TRANSWORD INTERNATIONAL SERVICES S.L.<br \/>\nRagione sociale: A&amp;S TRANSWORD INTERNATIONAL SERVICES S.L.<br \/>\nPartita IVA: B62448584<br \/>\nSede legale: CALLE DEL MAR 55, 08390 MONGAT (BARCELLONA), SPAGNA<br \/>\nTelefono: +34932690088<br \/>\nE-mail: transword@transword.net<br \/>\nIscritta al Registro (delle imprese\/Pubblico)<\/p>\n<h3>2. DIRITTI DI PROPRIET\u00c0 INTELLETTUALE E INDUSTRIALE<\/h3>\n<p>Il sito web, compresi, a titolo esemplificativo ma non esaustivo, programmazione, redazione, elaborazione e altri elementi volti al suo funzionamento, i disegni, i loghi, il testo e\/o i grafici, sono di propriet\u00e0 del RESPONSABILE o, se applicabile, dei soggetti che dispongono di una licenza o di espressa autorizzazione da parte degli autori. Tutti i contenuti del sito web sono debitamente protetti dalla normativa in materia di propriet\u00e0 intellettuale e industriale, nonch\u00e9 iscritti nei registri pubblici pertinenti.<\/p>\n<p>Per qualsiasi riproduzione totale o parziale, utilizzo, diffusione e commercializzazione, qualunque sia la finalit\u00e0, \u00e8 richiesta una previa autorizzazione scritta da parte del RESPONSABILE. Qualsiasi uso non autorizzato sar\u00e0 considerato come una grave violazione dei diritti di propriet\u00e0 intellettuale o industriale dell\u2019autore.<\/p>\n<p>I disegni, i loghi, il testo e\/o i grafici non appartenenti al RESPONSABILE presenti sul sito web sono di propriet\u00e0 dei rispettivi autori, essendo questi i responsabili di eventuali controversie derivanti dai medesimi. Il RESPONSABILE autorizza espressamente terzi a reindirizzare direttamente ai contenuti specifici del sito web, e in ogni caso a reindirizzare al sito principale di https:\/\/www.transword.net.<\/p>\n<p>Il RESPONSABILE riconosce a favore dei rispettivi titolari i diritti di propriet\u00e0 intellettuale e industriale pertinenti. La loro semplice menzione o presenza sul sito web non implica l\u2019esistenza di alcun diritto o responsabilit\u00e0 sui medesimi, n\u00e9 il supporto, la sponsorizzazione o la raccomandazione da parte dello stesso.<\/p>\n<p>Per qualsiasi osservazione in caso di violazione dei diritti di propriet\u00e0 intellettuale o industriale, cos\u00ec come sui contenuti del sito web, si prega di rivolgersi al seguente indirizzo di posta elettronica: transword@transword.net.<\/p>\n<h3>3. ESCLUSIONE DI RESPONSABILIT\u00c0<\/h3>\n<p>Il RESPONSABILE si esime da qualsivoglia responsabilit\u00e0 derivante dalle informazioni pubblicate sul sito web qualora tali informazioni siano state gestite o inserite da un soggetto terzo estraneo allo stesso.<\/p>\n<p><strong>Uso dei cookie<\/strong><\/p>\n<p>Questo sito web pu\u00f2 utilizzare cookie tecnici (piccoli file di informazione inviati dal server al computer di chi accede alla pagina) al fine di realizzare determinate funzioni ritenute imprescindibili per il corretto funzionamento e la visualizzazione del sito. In ogni caso i cookie utilizzati hanno una scadenza temporale, con il solo scopo di rendere pi\u00f9 efficace la navigazione, e scompaiono al termine della sessione di navigazione dell\u2019utente. In nessun caso questi cookie forniscono dati di carattere personale, n\u00e9 verranno utilizzati per la loro raccolta.<\/p>\n<p>Mediante l\u2019uso dei cookie il server in cui si trova il sito web pu\u00f2 anche riconoscere il browser utilizzato dall\u2019utente al fine di agevolare la navigazione, permettendo ad esempio l\u2019accesso degli utenti che si sono in precedenza registrati ad aree, servizi, promozioni o concorsi riservati esclusivamente a loro senza doversi registrare a ogni visita. Possono inoltre essere utilizzati per misurare l\u2019audience, i parametri di traffico, monitorare l\u2019andamento e il numero di accessi, ecc., essendo in questi casi cookie non indispensabili dal punto di vista tecnico, ma vantaggiosi per l\u2019utente. Questo sito web non installer\u00e0 cookie di profilazione senza il previo consenso dell\u2019utente.<\/p>\n<p>L\u2019utente ha la possibilit\u00e0 di impostare il browser in modo da essere avvisato circa la ricezione dei cookie e per impedirne l\u2019installazione sul proprio computer. Per maggior informazioni, si prega di consultare le istruzioni del browser.<\/p>\n<p><strong>Politica sui link<\/strong><\/p>\n<p>Da questo sito web \u00e8 possibile essere reindirizzati a contenuti di altri siti. Dal momento che il RESPONSABILE non pu\u00f2 controllare sempre i contenuti introdotti da terzi sui loro siti web, declina qualunque tipo di responsabilit\u00e0 in relazione a essi. In ogni caso, provveder\u00e0 al ritiro immediato di qualunque contenuto che possa violare la normativa nazionale o internazionale, la morale o l\u2019ordine pubblico, procedendo inoltre al ritiro immediato del reindirizzamento a tale sito web e informando le autorit\u00e0 competenti riguardo al contenuto in questione.<\/p>\n<p>Il RESPONSABILE declina qualunque responsabilit\u00e0 circa le informazioni e i contenuti archiviati, a titolo esemplificativo e non esaustivo, all\u2019interno di forum, chat, generatori di blog, commenti, social network o qualsiasi altro mezzo che consenta a parti terze di pubblicare in maniera indipendente contenuti sul sito web del RESPONSABILE. Tuttavia, ai sensi di quanto previsto dagli articoli 11 e 16 della LSSICE, il RESPONSABILE sar\u00e0 a disposizione di tutti gli utenti, le autorit\u00e0 e gli organi di sicurezza, collaborando attivamente al ritiro o, se del caso, al blocco di tutti i contenuti che possano compromettere o violare la normativa nazionale o internazionale, i diritti di terzi o la morale e l\u2019ordine pubblico. Nel caso in cui l\u2019utente ritenga che sul sito web sia stato pubblicato un contenuto non conforme, si prega di informare immediatamente l\u2019amministratore del sito web.<\/p>\n<p>Il presente sito web \u00e8 stato revisionato e testato per garantirne il corretto funzionamento. In linea di principio, garantiamo il corretto funzionamento 365 giorni all\u2019anno, 24 ore su 24. Tuttavia, il RESPONSABILE non esclude la possibilit\u00e0 che si verifichino errori di programmazione o cause di forza maggiore, catastrofi naturali, scioperi o circostanze simili che rendano impossibile l\u2019accesso al sito web.<\/p>\n<p><strong>Indirizzi IP<\/strong><br \/>\nI server del sito web potranno rilevare automaticamente l\u2019indirizzo IP e il nome di dominio utilizzati dall\u2019utente. Un indirizzo IP \u00e8 un numero assegnato automaticamente a un computer quando si collega a Internet. Tutte queste informazioni sono contenute in un file di attivit\u00e0 del server debitamente registrato che permette la successiva elaborazione dei dati al fine di ottenere misurazioni esclusivamente statistiche che consentano di conoscere il numero di impression delle pagine, il numero di visite ai server web effettuate, l\u2019ordine delle visite, l\u2019access point, ecc.<\/p>\n<h3>4. LEGGE APPLICABILE E FORO COMPETENTE<\/h3>\n<p>Per la risoluzione di qualsivoglia controversia o questione relativa al presente sito web o alle attivit\u00e0 ivi svolte sar\u00e0 applicata la normativa spagnola, alla quale le parti si sottopongono espressamente, essendo le corti e i tribunali pi\u00f9 vicini a BARCELLONA competenti per la risoluzione di tutti i conflitti derivati da o relativi al suo utilizzo.<\/p>\n<\/div><div class=\"fusion-sep-clear\"><\/div><div class=\"fusion-separator fusion-full-width-sep\" style=\"margin-left: auto;margin-right: auto;margin-bottom:60px;width:100%;\"><\/div><div class=\"fusion-sep-clear\"><\/div><div class=\"fusion-clearfix\"><\/div><\/div><\/div><div class=\"fusion-layout-column fusion_builder_column fusion-builder-column-1 fusion_builder_column_1_1 1_1 fusion-one-full fusion-column-first fusion-column-last fusion-column-no-min-height\" style=\"--awb-bg-size:cover;--awb-margin-bottom:0px;\"><div class=\"fusion-column-wrapper fusion-flex-column-wrapper-legacy\"><div class=\"fusion-sep-clear\"><\/div><div class=\"fusion-separator fusion-full-width-sep\" style=\"margin-left: auto;margin-right: auto;margin-bottom:60px;width:100%;\"><\/div><div class=\"fusion-sep-clear\"><\/div><div class=\"fusion-clearfix\"><\/div><\/div><\/div><\/div><\/div><div class=\"fusion-fullwidth fullwidth-box fusion-builder-row-2 hundred-percent-fullwidth non-hundred-percent-height-scrolling\" style=\"--awb-background-position:left top;--awb-border-radius-top-left:0px;--awb-border-radius-top-right:0px;--awb-border-radius-bottom-right:0px;--awb-border-radius-bottom-left:0px;--awb-padding-top:0px;--awb-padding-right:0px;--awb-padding-bottom:0px;--awb-padding-left:0px;--awb-margin-top:0px;--awb-margin-bottom:0px;--awb-background-color:#afd6ef;--awb-border-sizes-top:0px;--awb-border-sizes-bottom:0px;--awb-flex-wrap:wrap;\" ><div class=\"fusion-builder-row fusion-row\"><div class=\"fusion-layout-column fusion_builder_column fusion-builder-column-2 fusion_builder_column_1_1 1_1 fusion-one-full fusion-column-first fusion-column-last sinespacio\" style=\"--awb-padding-right:0px;--awb-padding-left:0px;--awb-bg-size:cover;--awb-margin-bottom:0px;\"><div class=\"fusion-column-wrapper fusion-flex-column-wrapper-legacy\"><div class=\"fusion-section-separator section-separator triangle fusion-section-separator-1 bottomseparator\" style=\"--awb-border-bottom:1px solid #eaeaea;--awb-spacer-height:1px;--awb-svg-margin-left:0;--awb-svg-margin-right:0;--awb-icon-color:#ffffff;\"><div class=\"fusion-section-separator-svg\"><div class=\"divider-candy-arrow bottom\" style=\"top:0px;border-top-color: #afd6ef;\"><\/div><div class=\"divider-candy bottom\" style=\"bottom:-21px;border-bottom:1px solid #eaeaea;border-left:1px solid #eaeaea;\"><\/div><\/div><div class=\"fusion-section-separator-spacer\"><div class=\"fusion-section-separator-spacer-height\"><\/div><\/div><\/div><div class=\"fusion-clearfix\"><\/div><\/div><\/div><div class=\"fusion-layout-column fusion_builder_column fusion-builder-column-3 fusion_builder_column_1_1 1_1 fusion-one-full fusion-column-first fusion-column-last\" style=\"--awb-padding-right:0px;--awb-padding-left:0px;--awb-bg-size:cover;--awb-margin-bottom:0px;\"><div class=\"fusion-column-wrapper fusion-flex-column-wrapper-legacy\"><div class=\"fusion-column-content-centered\"><div class=\"fusion-column-content\"><div class=\"fusion-image-element fusion-image-align-center in-legacy-container\" style=\"text-align:center;--awb-caption-title-font-family:var(--h2_typography-font-family);--awb-caption-title-font-weight:var(--h2_typography-font-weight);--awb-caption-title-font-style:var(--h2_typography-font-style);--awb-caption-title-size:var(--h2_typography-font-size);--awb-caption-title-transform:var(--h2_typography-text-transform);--awb-caption-title-line-height:var(--h2_typography-line-height);--awb-caption-title-letter-spacing:var(--h2_typography-letter-spacing);\"><div class=\"imageframe-align-center\"><span class=\" fusion-imageframe imageframe-none imageframe-1 hover-type-none\"><img decoding=\"async\" width=\"2000\" height=\"500\" alt=\"Transword - Richiedi un budget\" title=\"transword &#8211; Richiedi un budget\" src=\"https:\/\/www.transword.net\/wp-content\/uploads\/2018\/03\/transword-presupuesto-2000x500.jpg\" class=\"img-responsive wp-image-2479\" srcset=\"https:\/\/www.transword.net\/wp-content\/uploads\/2018\/03\/transword-presupuesto-2000x500-200x50.jpg 200w, https:\/\/www.transword.net\/wp-content\/uploads\/2018\/03\/transword-presupuesto-2000x500-400x100.jpg 400w, https:\/\/www.transword.net\/wp-content\/uploads\/2018\/03\/transword-presupuesto-2000x500-600x150.jpg 600w, https:\/\/www.transword.net\/wp-content\/uploads\/2018\/03\/transword-presupuesto-2000x500-800x200.jpg 800w, https:\/\/www.transword.net\/wp-content\/uploads\/2018\/03\/transword-presupuesto-2000x500-1200x300.jpg 1200w\" sizes=\"(max-width: 800px) 100vw, 2000px\" \/><\/span><\/div><\/div><\/div><\/div><div class=\"fusion-clearfix\"><\/div><\/div><\/div><\/div><\/div><\/p>\n","protected":false},"excerpt":{"rendered":"","protected":false},"author":1,"featured_media":0,"parent":0,"menu_order":10,"comment_status":"closed","ping_status":"closed","template":"100-width.php","meta":{"footnotes":""},"class_list":["post-2506","page","type-page","status-publish","hentry"],"yoast_head":"<!-- This site is optimized with the Yoast SEO plugin v26.6 - https:\/\/yoast.com\/wordpress\/plugins\/seo\/ -->\n<title>Transword | Avviso legale<\/title>\n<meta name=\"robots\" content=\"index, follow, max-snippet:-1, max-image-preview:large, max-video-preview:-1\" \/>\n<link rel=\"canonical\" href=\"https:\/\/www.transword.net\/it\/avviso-legale-2\/\" \/>\n<meta property=\"og:locale\" content=\"it_IT\" \/>\n<meta property=\"og:type\" content=\"article\" \/>\n<meta property=\"og:title\" content=\"Transword | Avviso legale\" \/>\n<meta property=\"og:url\" content=\"https:\/\/www.transword.net\/it\/avviso-legale-2\/\" \/>\n<meta property=\"og:site_name\" content=\"Transword\" \/>\n<meta property=\"article:modified_time\" content=\"2022-07-22T06:46:29+00:00\" \/>\n<meta name=\"twitter:card\" content=\"summary_large_image\" \/>\n<meta name=\"twitter:site\" content=\"@TranswordT\" \/>\n<meta name=\"twitter:label1\" content=\"Tempo di lettura stimato\" \/>\n\t<meta name=\"twitter:data1\" content=\"7 minuti\" \/>\n<script type=\"application\/ld+json\" class=\"yoast-schema-graph\">{\"@context\":\"https:\/\/schema.org\",\"@graph\":[{\"@type\":\"WebPage\",\"@id\":\"https:\/\/www.transword.net\/it\/avviso-legale-2\/\",\"url\":\"https:\/\/www.transword.net\/it\/avviso-legale-2\/\",\"name\":\"Transword | Avviso legale\",\"isPartOf\":{\"@id\":\"https:\/\/www.transword.net\/it\/#website\"},\"datePublished\":\"2018-12-28T10:11:10+00:00\",\"dateModified\":\"2022-07-22T06:46:29+00:00\",\"breadcrumb\":{\"@id\":\"https:\/\/www.transword.net\/it\/avviso-legale-2\/#breadcrumb\"},\"inLanguage\":\"it-IT\",\"potentialAction\":[{\"@type\":\"ReadAction\",\"target\":[\"https:\/\/www.transword.net\/it\/avviso-legale-2\/\"]}]},{\"@type\":\"BreadcrumbList\",\"@id\":\"https:\/\/www.transword.net\/it\/avviso-legale-2\/#breadcrumb\",\"itemListElement\":[{\"@type\":\"ListItem\",\"position\":1,\"name\":\"Portada\",\"item\":\"https:\/\/www.transword.net\/it\/\"},{\"@type\":\"ListItem\",\"position\":2,\"name\":\"Avviso legale\"}]},{\"@type\":\"WebSite\",\"@id\":\"https:\/\/www.transword.net\/it\/#website\",\"url\":\"https:\/\/www.transword.net\/it\/\",\"name\":\"Transword\",\"description\":\"No pongas fronteras a tus negocios\",\"potentialAction\":[{\"@type\":\"SearchAction\",\"target\":{\"@type\":\"EntryPoint\",\"urlTemplate\":\"https:\/\/www.transword.net\/it\/?s={search_term_string}\"},\"query-input\":{\"@type\":\"PropertyValueSpecification\",\"valueRequired\":true,\"valueName\":\"search_term_string\"}}],\"inLanguage\":\"it-IT\"}]}<\/script>\n<!-- \/ Yoast SEO plugin. -->","yoast_head_json":{"title":"Transword | Avviso legale","robots":{"index":"index","follow":"follow","max-snippet":"max-snippet:-1","max-image-preview":"max-image-preview:large","max-video-preview":"max-video-preview:-1"},"canonical":"https:\/\/www.transword.net\/it\/avviso-legale-2\/","og_locale":"it_IT","og_type":"article","og_title":"Transword | Avviso legale","og_url":"https:\/\/www.transword.net\/it\/avviso-legale-2\/","og_site_name":"Transword","article_modified_time":"2022-07-22T06:46:29+00:00","twitter_card":"summary_large_image","twitter_site":"@TranswordT","twitter_misc":{"Tempo di lettura stimato":"7 minuti"},"schema":{"@context":"https:\/\/schema.org","@graph":[{"@type":"WebPage","@id":"https:\/\/www.transword.net\/it\/avviso-legale-2\/","url":"https:\/\/www.transword.net\/it\/avviso-legale-2\/","name":"Transword | Avviso legale","isPartOf":{"@id":"https:\/\/www.transword.net\/it\/#website"},"datePublished":"2018-12-28T10:11:10+00:00","dateModified":"2022-07-22T06:46:29+00:00","breadcrumb":{"@id":"https:\/\/www.transword.net\/it\/avviso-legale-2\/#breadcrumb"},"inLanguage":"it-IT","potentialAction":[{"@type":"ReadAction","target":["https:\/\/www.transword.net\/it\/avviso-legale-2\/"]}]},{"@type":"BreadcrumbList","@id":"https:\/\/www.transword.net\/it\/avviso-legale-2\/#breadcrumb","itemListElement":[{"@type":"ListItem","position":1,"name":"Portada","item":"https:\/\/www.transword.net\/it\/"},{"@type":"ListItem","position":2,"name":"Avviso legale"}]},{"@type":"WebSite","@id":"https:\/\/www.transword.net\/it\/#website","url":"https:\/\/www.transword.net\/it\/","name":"Transword","description":"No pongas fronteras a tus negocios","potentialAction":[{"@type":"SearchAction","target":{"@type":"EntryPoint","urlTemplate":"https:\/\/www.transword.net\/it\/?s={search_term_string}"},"query-input":{"@type":"PropertyValueSpecification","valueRequired":true,"valueName":"search_term_string"}}],"inLanguage":"it-IT"}]}},"_links":{"self":[{"href":"https:\/\/www.transword.net\/it\/wp-json\/wp\/v2\/pages\/2506","targetHints":{"allow":["GET"]}}],"collection":[{"href":"https:\/\/www.transword.net\/it\/wp-json\/wp\/v2\/pages"}],"about":[{"href":"https:\/\/www.transword.net\/it\/wp-json\/wp\/v2\/types\/page"}],"author":[{"embeddable":true,"href":"https:\/\/www.transword.net\/it\/wp-json\/wp\/v2\/users\/1"}],"replies":[{"embeddable":true,"href":"https:\/\/www.transword.net\/it\/wp-json\/wp\/v2\/comments?post=2506"}],"version-history":[{"count":0,"href":"https:\/\/www.transword.net\/it\/wp-json\/wp\/v2\/pages\/2506\/revisions"}],"wp:attachment":[{"href":"https:\/\/www.transword.net\/it\/wp-json\/wp\/v2\/media?parent=2506"}],"curies":[{"name":"wp","href":"https:\/\/api.w.org\/{rel}","templated":true}]}}